{"id":4854,"date":"2024-02-18T01:45:27","date_gmt":"2024-02-17T22:45:27","guid":{"rendered":"https:\/\/dmkimya.com.tr\/our-products\/dm-sil-floor\/"},"modified":"2024-11-05T11:49:31","modified_gmt":"2024-11-05T08:49:31","slug":"dm-sil-floor","status":"publish","type":"page","link":"https:\/\/dmkimya.com.tr\/en\/our-products\/dm-sil-floor\/","title":{"rendered":"DM S\u0130L FLOOR"},"content":{"rendered":"\t\t<div data-elementor-type=\"wp-page\" data-elementor-id=\"4854\" class=\"elementor elementor-4854\" data-elementor-post-type=\"page\">\n\t\t\t\t\t\t<section class=\"elementor-section elementor-top-section elementor-element elementor-element-232559ab elementor-section-content-middle elementor-section-stretched elementor-section-boxed elementor-section-height-default elementor-section-height-default wpr-particle-no wpr-jarallax-no wpr-parallax-no wpr-sticky-section-no wpr-equal-height-no\" data-id=\"232559ab\" data-element_type=\"section\" data-e-type=\"section\" data-settings=\"{&quot;stretch_section&quot;:&quot;section-stretched&quot;,&quot;background_background&quot;:&quot;slideshow&quot;,&quot;background_slideshow_gallery&quot;:[{&quot;id&quot;:2295,&quot;url&quot;:&quot;https:\\\/\\\/dmkimya.com.tr\\\/wp-content\\\/uploads\\\/2024\\\/02\\\/page-hero-1.jpg&quot;},{&quot;id&quot;:2296,&quot;url&quot;:&quot;https:\\\/\\\/dmkimya.com.tr\\\/wp-content\\\/uploads\\\/2024\\\/02\\\/page-hero-2.jpg&quot;},{&quot;id&quot;:2297,&quot;url&quot;:&quot;https:\\\/\\\/dmkimya.com.tr\\\/wp-content\\\/uploads\\\/2024\\\/02\\\/page-hero-3.jpg&quot;}],&quot;background_slideshow_loop&quot;:&quot;yes&quot;,&quot;background_slideshow_slide_duration&quot;:5000,&quot;background_slideshow_slide_transition&quot;:&quot;fade&quot;,&quot;background_slideshow_transition_duration&quot;:500}\">\n\t\t\t\t\t\t\t<div class=\"elementor-background-overlay\"><\/div>\n\t\t\t\t\t\t\t<div class=\"elementor-container elementor-column-gap-default\">\n\t\t\t\t\t<div class=\"elementor-column elementor-col-50 elementor-top-column elementor-element elementor-element-5f606d9e\" data-id=\"5f606d9e\" data-element_type=\"column\" data-e-type=\"column\">\n\t\t\t<div class=\"elementor-widget-wrap elementor-element-populated\">\n\t\t\t\t\t\t<div class=\"elementor-element elementor-element-59fbab17 elementor-widget__width-initial elementor-widget elementor-widget-heading\" data-id=\"59fbab17\" data-element_type=\"widget\" data-e-type=\"widget\" data-widget_type=\"heading.default\">\n\t\t\t\t<div class=\"elementor-widget-container\">\n\t\t\t\t\t<h1 class=\"elementor-heading-title elementor-size-default\">DM S\u0130L K\u0130T<\/h1>\t\t\t\t<\/div>\n\t\t\t\t<\/div>\n\t\t\t\t\t<\/div>\n\t\t<\/div>\n\t\t\t\t<div class=\"elementor-column elementor-col-50 elementor-top-column elementor-element elementor-element-32be6f42\" data-id=\"32be6f42\" data-element_type=\"column\" data-e-type=\"column\">\n\t\t\t<div class=\"elementor-widget-wrap elementor-element-populated\">\n\t\t\t\t\t\t<div class=\"elementor-element elementor-element-59272827 elementor-widget elementor-widget-wpr-breadcrumbs-pro\" data-id=\"59272827\" data-element_type=\"widget\" data-e-type=\"widget\" data-widget_type=\"wpr-breadcrumbs-pro.default\">\n\t\t\t\t<div class=\"elementor-widget-container\">\n\t\t\t\t\t<div class=\"wpr-post-breadcrumbs\"><ul class=\"wpr-breadcrumbs\"><li><a href=\"https:\/\/dmkimya.com.tr\/en\/\">Homepage<\/a><\/li><li>|<\/li><\/ul><\/div>\t\t\t\t<\/div>\n\t\t\t\t<\/div>\n\t\t\t\t\t<\/div>\n\t\t<\/div>\n\t\t\t\t\t<\/div>\n\t\t<\/section>\n\t\t\t\t<section class=\"elementor-section elementor-top-section elementor-element elementor-element-53163a49 elementor-section-content-middle elementor-section-boxed elementor-section-height-default elementor-section-height-default wpr-particle-no wpr-jarallax-no wpr-parallax-no wpr-sticky-section-no wpr-equal-height-no\" data-id=\"53163a49\" data-element_type=\"section\" data-e-type=\"section\">\n\t\t\t\t\t\t<div class=\"elementor-container elementor-column-gap-default\">\n\t\t\t\t\t<div class=\"elementor-column elementor-col-50 elementor-top-column elementor-element elementor-element-47787f65 elementor-invisible\" data-id=\"47787f65\" data-element_type=\"column\" data-e-type=\"column\" data-settings=\"{&quot;animation&quot;:&quot;fadeInLeft&quot;}\">\n\t\t\t<div class=\"elementor-widget-wrap elementor-element-populated\">\n\t\t\t\t\t\t<div class=\"elementor-element elementor-element-2b550b52 elementor-widget elementor-widget-heading\" data-id=\"2b550b52\" data-element_type=\"widget\" data-e-type=\"widget\" data-widget_type=\"heading.default\">\n\t\t\t\t<div class=\"elementor-widget-container\">\n\t\t\t\t\t<h2 class=\"elementor-heading-title elementor-size-default\">DM S\u0130L K\u0130T<\/h2>\t\t\t\t<\/div>\n\t\t\t\t<\/div>\n\t\t\t\t<div class=\"elementor-element elementor-element-32df8228 elementor-widget elementor-widget-text-editor\" data-id=\"32df8228\" data-element_type=\"widget\" data-e-type=\"widget\" data-widget_type=\"text-editor.default\">\n\t\t\t\t<div class=\"elementor-widget-container\">\n\t\t\t\t\t\t\t\t\t<p>Silicate-based solvent-free, two-component strong repair resin for repairing cracks and voids in concrete base.<\/p>\t\t\t\t\t\t\t\t<\/div>\n\t\t\t\t<\/div>\n\t\t\t\t<div class=\"elementor-element elementor-element-2e396313 elementor-widget elementor-widget-heading\" data-id=\"2e396313\" data-element_type=\"widget\" data-e-type=\"widget\" data-widget_type=\"heading.default\">\n\t\t\t\t<div class=\"elementor-widget-container\">\n\t\t\t\t\t<h2 class=\"elementor-heading-title elementor-size-default\">General Areas of Use\n<\/h2>\t\t\t\t<\/div>\n\t\t\t\t<\/div>\n\t\t\t\t<div class=\"elementor-element elementor-element-5625b7ba elementor-widget elementor-widget-text-editor\" data-id=\"5625b7ba\" data-element_type=\"widget\" data-e-type=\"widget\" data-widget_type=\"text-editor.default\">\n\t\t\t\t<div class=\"elementor-widget-container\">\n\t\t\t\t\t\t\t\t\t<ul><li>Crack repairs of factory floors<\/li><li>Harbor and shipyard floor crack repairs<\/li><li>Floor crack repairs of warehouses and hangars<\/li><li>Ready to use in minutes thanks to fast and simple operation<\/li><li>Easy mixing in a plastic bottle<\/li><\/ul>\t\t\t\t\t\t\t\t<\/div>\n\t\t\t\t<\/div>\n\t\t\t\t\t<\/div>\n\t\t<\/div>\n\t\t\t\t<div class=\"elementor-column elementor-col-50 elementor-top-column elementor-element elementor-element-256199e5 elementor-invisible\" data-id=\"256199e5\" data-element_type=\"column\" data-e-type=\"column\" data-settings=\"{&quot;animation&quot;:&quot;fadeInRight&quot;}\">\n\t\t\t<div class=\"elementor-widget-wrap elementor-element-populated\">\n\t\t\t\t\t\t<div class=\"elementor-element elementor-element-3c16bcc8 elementor-invisible elementor-widget elementor-widget-image\" data-id=\"3c16bcc8\" data-element_type=\"widget\" data-e-type=\"widget\" data-settings=\"{&quot;_animation&quot;:&quot;fadeInRight&quot;}\" data-widget_type=\"image.default\">\n\t\t\t\t<div class=\"elementor-widget-container\">\n\t\t\t\t\t\t\t\t\t\t\t\t\t\t\t<img fetchpriority=\"high\" decoding=\"async\" width=\"960\" height=\"960\" src=\"https:\/\/dmkimya.com.tr\/wp-content\/uploads\/2024\/07\/DM-Sil-Floor.jpg\" class=\"attachment-large size-large wp-image-5484\" alt=\"\" srcset=\"https:\/\/dmkimya.com.tr\/wp-content\/uploads\/2024\/07\/DM-Sil-Floor.jpg 1000w, https:\/\/dmkimya.com.tr\/wp-content\/uploads\/2024\/07\/DM-Sil-Floor-300x300.jpg 300w, https:\/\/dmkimya.com.tr\/wp-content\/uploads\/2024\/07\/DM-Sil-Floor-150x150.jpg 150w, https:\/\/dmkimya.com.tr\/wp-content\/uploads\/2024\/07\/DM-Sil-Floor-768x768.jpg 768w\" sizes=\"(max-width: 960px) 100vw, 960px\" \/>\t\t\t\t\t\t\t\t\t\t\t\t\t\t\t<\/div>\n\t\t\t\t<\/div>\n\t\t\t\t\t<\/div>\n\t\t<\/div>\n\t\t\t\t\t<\/div>\n\t\t<\/section>\n\t\t\t\t<section class=\"elementor-section elementor-top-section elementor-element elementor-element-3f01e2aa elementor-section-stretched elementor-section-boxed elementor-section-height-default elementor-section-height-default wpr-particle-no wpr-jarallax-no wpr-parallax-no wpr-sticky-section-no wpr-equal-height-no\" data-id=\"3f01e2aa\" data-element_type=\"section\" data-e-type=\"section\" data-settings=\"{&quot;stretch_section&quot;:&quot;section-stretched&quot;,&quot;background_background&quot;:&quot;classic&quot;}\">\n\t\t\t\t\t\t<div class=\"elementor-container elementor-column-gap-default\">\n\t\t\t\t\t<div class=\"elementor-column elementor-col-100 elementor-top-column elementor-element elementor-element-6936d5a1\" data-id=\"6936d5a1\" data-element_type=\"column\" data-e-type=\"column\">\n\t\t\t<div class=\"elementor-widget-wrap elementor-element-populated\">\n\t\t\t\t\t\t<div class=\"elementor-element elementor-element-fb38e70 elementor-widget elementor-widget-heading\" data-id=\"fb38e70\" data-element_type=\"widget\" data-e-type=\"widget\" data-widget_type=\"heading.default\">\n\t\t\t\t<div class=\"elementor-widget-container\">\n\t\t\t\t\t<h2 class=\"elementor-heading-title elementor-size-default\">Technical Datasheet<\/h2>\t\t\t\t<\/div>\n\t\t\t\t<\/div>\n\t\t\t\t<div class=\"elementor-element elementor-element-3cd1cb8 elementor-widget elementor-widget-text-editor\" data-id=\"3cd1cb8\" data-element_type=\"widget\" data-e-type=\"widget\" data-widget_type=\"text-editor.default\">\n\t\t\t\t<div class=\"elementor-widget-container\">\n\t\t\t\t\t\t\t\t\t<p>The information given below is laboratory data. These data show how the thermal exchange between the resin and the soil, the surface properties of the soil, moisture, pressure and other factors can change in practice.<\/p>\t\t\t\t\t\t\t\t<\/div>\n\t\t\t\t<\/div>\n\t\t\t\t<div class=\"elementor-element elementor-element-2704907a elementor-widget elementor-widget-image\" data-id=\"2704907a\" data-element_type=\"widget\" data-e-type=\"widget\" data-widget_type=\"image.default\">\n\t\t\t\t<div class=\"elementor-widget-container\">\n\t\t\t\t\t\t\t\t\t\t\t\t\t\t\t<img decoding=\"async\" width=\"898\" height=\"438\" src=\"https:\/\/dmkimya.com.tr\/wp-content\/uploads\/2024\/05\/Tech-DM-SIL-FLOOR.jpg\" class=\"attachment-full size-full wp-image-5039\" alt=\"\" srcset=\"https:\/\/dmkimya.com.tr\/wp-content\/uploads\/2024\/05\/Tech-DM-SIL-FLOOR.jpg 898w, https:\/\/dmkimya.com.tr\/wp-content\/uploads\/2024\/05\/Tech-DM-SIL-FLOOR-300x146.jpg 300w, https:\/\/dmkimya.com.tr\/wp-content\/uploads\/2024\/05\/Tech-DM-SIL-FLOOR-768x375.jpg 768w\" sizes=\"(max-width: 898px) 100vw, 898px\" \/>\t\t\t\t\t\t\t\t\t\t\t\t\t\t\t<\/div>\n\t\t\t\t<\/div>\n\t\t\t\t\t<\/div>\n\t\t<\/div>\n\t\t\t\t\t<\/div>\n\t\t<\/section>\n\t\t\t\t<\/div>\n\t\t","protected":false},"excerpt":{"rendered":"<p>DM S\u0130L K\u0130T Homepage | DM S\u0130L K\u0130T Silicate-based solvent-free, two-component strong repair resin for repairing cracks and voids in concrete base. General Areas of Use Crack repairs of factory floors Harbor and shipyard floor crack repairs Floor crack repairs of warehouses and hangars Ready to use in minutes thanks to fast and simple operation Easy mixing in a plastic bottle Technical Datasheet The information given below is laboratory data. These data show how the thermal exchange between the resin and the soil, the surface properties of the soil, moisture, pressure and other factors can change in practice.<\/p>\n","protected":false},"author":1,"featured_media":4259,"parent":4449,"menu_order":0,"comment_status":"closed","ping_status":"closed","template":"elementor_canvas","meta":{"iawp_total_views":11,"footnotes":""},"class_list":["post-4854","page","type-page","status-publish","has-post-thumbnail","hentry"],"acf":[],"_links":{"self":[{"href":"https:\/\/dmkimya.com.tr\/en\/wp-json\/wp\/v2\/pages\/4854","targetHints":{"allow":["GET"]}}],"collection":[{"href":"https:\/\/dmkimya.com.tr\/en\/wp-json\/wp\/v2\/pages"}],"about":[{"href":"https:\/\/dmkimya.com.tr\/en\/wp-json\/wp\/v2\/types\/page"}],"author":[{"embeddable":true,"href":"https:\/\/dmkimya.com.tr\/en\/wp-json\/wp\/v2\/users\/1"}],"replies":[{"embeddable":true,"href":"https:\/\/dmkimya.com.tr\/en\/wp-json\/wp\/v2\/comments?post=4854"}],"version-history":[{"count":14,"href":"https:\/\/dmkimya.com.tr\/en\/wp-json\/wp\/v2\/pages\/4854\/revisions"}],"predecessor-version":[{"id":5803,"href":"https:\/\/dmkimya.com.tr\/en\/wp-json\/wp\/v2\/pages\/4854\/revisions\/5803"}],"up":[{"embeddable":true,"href":"https:\/\/dmkimya.com.tr\/en\/wp-json\/wp\/v2\/pages\/4449"}],"wp:featuredmedia":[{"embeddable":true,"href":"https:\/\/dmkimya.com.tr\/en\/wp-json\/wp\/v2\/media\/4259"}],"wp:attachment":[{"href":"https:\/\/dmkimya.com.tr\/en\/wp-json\/wp\/v2\/media?parent=4854"}],"curies":[{"name":"wp","href":"https:\/\/api.w.org\/{rel}","templated":true}]}}